{"id":466,"date":"2017-05-27T01:20:19","date_gmt":"2017-05-27T05:20:19","guid":{"rendered":"http:\/\/skatejam.ca\/?page_id=466"},"modified":"2025-08-31T02:49:33","modified_gmt":"2025-08-31T06:49:33","slug":"466-2","status":"publish","type":"page","link":"https:\/\/skatejam.ca\/?page_id=466","title":{"rendered":"SKATE"},"content":{"rendered":"<div id=\"pl-466\"  class=\"panel-layout\" ><div id=\"pg-466-0\"  class=\"panel-grid panel-no-style\" ><div id=\"pgc-466-0-0\"  class=\"panel-grid-cell\" ><div id=\"panel-466-0-0-0\" class=\"so-panel widget widget_headline-widget panel-first-child panel-last-child\" data-index=\"0\" >\t\t<h1>VOLET PLANCHE \u00c0 ROULETTE<\/h1>\n\t\t<div class=\"decoration\"><div class=\"decoration-inside\"><\/div><\/div>\n\t\t<h3><\/h3>\n\t\t<\/div><\/div><\/div><div id=\"pg-466-1\"  class=\"panel-grid panel-no-style\" ><div id=\"pgc-466-1-0\"  class=\"panel-grid-cell\" ><div id=\"panel-466-1-0-0\" class=\"so-panel widget widget_sow-editor panel-first-child panel-last-child\" data-index=\"1\" ><div\n\t\t\t\n\t\t\tclass=\"so-widget-sow-editor so-widget-sow-editor-base\"\n\t\t\t\n\t\t>\n<div class=\"siteorigin-widget-tinymce textwidget\">\n\t<p style=\"text-align: center;\"><strong>VENDREDI, 5 SEPTEMBRE 2025 - SKATE PARK DE RIMOUSKI<\/strong><\/p>\n<p style=\"text-align: center;\">D\u00e8s 19h00 : Pratique libre sur les modules<\/p>\n<p style=\"text-align: center;\">19h00-20h00 : Cours gratuit d'initiation \u00e0 la planche \u00e0 roulette par S.U. Rimouski Skateboard<\/p>\n<p>&nbsp;<\/p>\n<p style=\"text-align: center;\">___________________________________________<\/p>\n<p style=\"text-align: center;\"><b>SAMEDI, 6 SEPTEMBRE 2025 - SKATE PARK DE RIMOUSKI<\/b><\/p>\n<p style=\"text-align: center;\">D\u00e8s 16h00 : Pratique libre sur les modules<\/p>\n<p style=\"text-align: center;\">17h00-18h00 : Cours gratuit d'initiation \u00e0 la planche \u00e0 roulette par S.U. Rimouski Skateboard<\/p>\n<p>&nbsp;<\/p>\n<p style=\"text-align: center;\">___________________________________________<\/p>\n<p style=\"text-align: center;\"><b>DIMANCHE, 7 SEPTEMBRE 2025 - SKATE PARK DE RIMOUSKI<\/b><\/p>\n<p style=\"text-align: center;\">COMP\u00c9TITION AMICALE DE SKATEBOARD, pr\u00e9sent\u00e9 par Alternative Sports<\/p>\n<p style=\"text-align: center;\">Plusieurs prix \u00e0 gagner. Participation gratuite. R\u00e9chauffement d\u00e8s 16h00. Comp\u00e9tition \u00e0 17h00.<\/p>\n<\/div>\n<\/div><\/div><\/div><div id=\"pgc-466-1-1\"  class=\"panel-grid-cell\" ><div id=\"panel-466-1-1-0\" class=\"so-panel widget widget_widget_sp_image widget_sp_image panel-first-child\" data-index=\"2\" ><img fetchpriority=\"high\" decoding=\"async\" width=\"720\" height=\"480\" class=\"attachment-large aligncenter\" style=\"max-width: 100%;\" srcset=\"https:\/\/skatejam.ca\/wp-content\/uploads\/web-06121-1024x683.jpg 1024w, https:\/\/skatejam.ca\/wp-content\/uploads\/web-06121-300x200.jpg 300w, https:\/\/skatejam.ca\/wp-content\/uploads\/web-06121-768x512.jpg 768w, https:\/\/skatejam.ca\/wp-content\/uploads\/web-06121-1536x1024.jpg 1536w, https:\/\/skatejam.ca\/wp-content\/uploads\/web-06121-272x182.jpg 272w, https:\/\/skatejam.ca\/wp-content\/uploads\/web-06121.jpg 2048w\" sizes=\"(max-width: 720px) 100vw, 720px\" src=\"https:\/\/skatejam.ca\/wp-content\/uploads\/web-06121-1024x683.jpg\" \/><\/div><div id=\"panel-466-1-1-1\" class=\"so-panel widget widget_sow-editor panel-last-child\" data-index=\"3\" ><div\n\t\t\t\n\t\t\tclass=\"so-widget-sow-editor so-widget-sow-editor-base\"\n\t\t\t\n\t\t>\n<div class=\"siteorigin-widget-tinymce textwidget\">\n\t<div style=\"text-align: center;\">L'inscription aux comp\u00e9titions se fera directement sur place \u00e0 l'\u00e9v\u00e9nement. Le site du festival sera ouvert chaque jour de 16h00 \u00e0 23h00 (d\u00e8s 19h00 le vendredi soir). Entr\u00e9e gratuite (contribution volontaire pour supporter le festival). Bar sur place avec alcool (pour les 18+) et produits sans alcool.<\/div>\n<\/div>\n<\/div><\/div><\/div><\/div><\/div>","protected":false},"excerpt":{"rendered":"<p>VENDREDI, 5 SEPTEMBRE 2025 &#8211; SKATE PARK DE RIMOUSKI D\u00e8s 19h00 : Pratique libre sur les modules 19h00-20h00 : Cours gratuit d&#8217;initiation \u00e0 la planche \u00e0 roulette par S.U. Rimouski Skateboard &nbsp; ___________________________________________ SAMEDI, 6 SEPTEMBRE 2025 &#8211; SKATE PARK DE RIMOUSKI D\u00e8s 16h00 : Pratique libre sur les modules 17h00-18h00 : Cours gratuit d&#8217;initiation [&hellip;]<\/p>\n","protected":false},"author":1,"featured_media":0,"parent":0,"menu_order":0,"comment_status":"closed","ping_status":"closed","template":"templates\/template-full-notitle.php","meta":{"footnotes":""},"class_list":["post-466","page","type-page","status-publish","hentry","post"],"_links":{"self":[{"href":"https:\/\/skatejam.ca\/index.php?rest_route=\/wp\/v2\/pages\/466","targetHints":{"allow":["GET"]}}],"collection":[{"href":"https:\/\/skatejam.ca\/index.php?rest_route=\/wp\/v2\/pages"}],"about":[{"href":"https:\/\/skatejam.ca\/index.php?rest_route=\/wp\/v2\/types\/page"}],"author":[{"embeddable":true,"href":"https:\/\/skatejam.ca\/index.php?rest_route=\/wp\/v2\/users\/1"}],"replies":[{"embeddable":true,"href":"https:\/\/skatejam.ca\/index.php?rest_route=%2Fwp%2Fv2%2Fcomments&post=466"}],"version-history":[{"count":71,"href":"https:\/\/skatejam.ca\/index.php?rest_route=\/wp\/v2\/pages\/466\/revisions"}],"predecessor-version":[{"id":1226,"href":"https:\/\/skatejam.ca\/index.php?rest_route=\/wp\/v2\/pages\/466\/revisions\/1226"}],"wp:attachment":[{"href":"https:\/\/skatejam.ca\/index.php?rest_route=%2Fwp%2Fv2%2Fmedia&parent=466"}],"curies":[{"name":"wp","href":"https:\/\/api.w.org\/{rel}","templated":true}]}}