{"id":324,"date":"2017-03-15T05:47:52","date_gmt":"2017-03-15T09:47:52","guid":{"rendered":"http:\/\/skatejam.ca\/?page_id=324"},"modified":"2025-08-31T02:48:15","modified_gmt":"2025-08-31T06:48:15","slug":"accueil","status":"publish","type":"page","link":"https:\/\/skatejam.ca\/?page_id=324","title":{"rendered":"ACCUEIL"},"content":{"rendered":"<div id=\"pl-324\"  class=\"panel-layout\" ><div id=\"pg-324-0\"  class=\"panel-grid panel-no-style\" ><div id=\"pgc-324-0-0\"  class=\"panel-grid-cell\" ><div id=\"panel-324-0-0-0\" class=\"so-panel widget widget_text panel-first-child\" data-index=\"0\" >\t\t\t<div class=\"textwidget\"><p><center><\/p>\n<h1>SKATE JAM de RIMOUSKI - 5-6-7 SEPTEMBRE 2025 - 16h00 \u00e0 23h00 <\/h1>\n<h6>au SKATE PARK de RIMOUSKI - GRATUIT ET OUVERT \u00c0 TOUS<\/h6>\n<p>__________________________________________________________________<\/p>\n<\/div>\n\t\t<\/div><div id=\"panel-324-0-0-1\" class=\"so-panel widget widget_sow-button\" data-index=\"1\" ><div\n\t\t\t\n\t\t\tclass=\"so-widget-sow-button so-widget-sow-button-atom-25ceccface15-324\"\n\t\t\t\n\t\t><div class=\"ow-button-base ow-button-align-center\"\n>\n\t\t\t<a\n\t\t\t\t\thref=\"https:\/\/lepointdevente.com\/billets\/skatejam2025\"\n\t\t\t\t\tclass=\"sowb-button ow-icon-placement-left ow-button-hover\" target=\"_blank\" rel=\"noopener noreferrer\" \t>\n\t\t<span>\n\t\t\t<span class=\"sow-icon-ionicons\" data-sow-icon=\"&#xf135;\"\n\t\tstyle=\"\" \n\t\taria-hidden=\"true\"><\/span>\n\t\t\tR\u00c9SERVER UNE PLACE\t\t<\/span>\n\t\t\t<\/a>\n\t<\/div>\n<\/div><\/div><div id=\"panel-324-0-0-2\" class=\"so-panel widget widget_text panel-last-child\" data-index=\"2\" >\t\t\t<div class=\"textwidget\"><p><center><br \/>\nLa mission du SKATE JAM est de proposer un mariage entre le skateboard, la musique et les arts visuels dans un me\u0302me lieu, le temps d\u2019une fin de semaine. L'\u00e9v\u00e9nement a comme objectif de supporter la pratique de l\u2019activit\u00e9 physique pour les jeunes et moins jeunes en faisant d\u00e9couvrir la planche \u00e0 roulette, tout en proposant une programmation musicale qui vise \u00e0 supporter la communaut\u00e9 d\u2019artistes \u00e9mergents. Des artistes en arts visuels de la r\u00e9gion sont \u00e9galement invit\u00e9s \u00e0 afficher leurs oeuvres sur place. <\/center><\/p>\n<\/div>\n\t\t<\/div><\/div><\/div><div id=\"pg-324-1\"  class=\"panel-grid panel-no-style\" ><div id=\"pgc-324-1-0\"  class=\"panel-grid-cell\" ><div id=\"panel-324-1-0-0\" class=\"so-panel widget widget_widget_sp_image widget_sp_image panel-first-child panel-last-child\" data-index=\"3\" ><img fetchpriority=\"high\" decoding=\"async\" width=\"622\" height=\"1024\" class=\"attachment-large aligncenter\" style=\"max-width: 100%;\" srcset=\"https:\/\/skatejam.ca\/wp-content\/uploads\/skatejam2025-622x1024.jpg 622w, https:\/\/skatejam.ca\/wp-content\/uploads\/skatejam2025-182x300.jpg 182w, https:\/\/skatejam.ca\/wp-content\/uploads\/skatejam2025-768x1265.jpg 768w, https:\/\/skatejam.ca\/wp-content\/uploads\/skatejam2025-933x1536.jpg 933w, https:\/\/skatejam.ca\/wp-content\/uploads\/skatejam2025-1243x2048.jpg 1243w, https:\/\/skatejam.ca\/wp-content\/uploads\/skatejam2025-scaled.jpg 1554w\" sizes=\"(max-width: 622px) 100vw, 622px\" src=\"https:\/\/skatejam.ca\/wp-content\/uploads\/skatejam2025-622x1024.jpg\" \/><\/div><\/div><div id=\"pgc-324-1-1\"  class=\"panel-grid-cell\" ><div id=\"panel-324-1-1-0\" class=\"so-panel widget widget_widget_sp_image widget_sp_image panel-first-child\" data-index=\"4\" ><img decoding=\"async\" width=\"720\" height=\"479\" class=\"attachment-medium_large aligncenter\" style=\"max-width: 100%;\" srcset=\"https:\/\/skatejam.ca\/wp-content\/uploads\/web-04122-768x511.jpg 768w, https:\/\/skatejam.ca\/wp-content\/uploads\/web-04122-300x200.jpg 300w, https:\/\/skatejam.ca\/wp-content\/uploads\/web-04122-1024x682.jpg 1024w, https:\/\/skatejam.ca\/wp-content\/uploads\/web-04122-1536x1022.jpg 1536w, https:\/\/skatejam.ca\/wp-content\/uploads\/web-04122-272x182.jpg 272w, https:\/\/skatejam.ca\/wp-content\/uploads\/web-04122.jpg 2048w\" sizes=\"(max-width: 720px) 100vw, 720px\" src=\"https:\/\/skatejam.ca\/wp-content\/uploads\/web-04122-768x511.jpg\" \/><\/div><div id=\"panel-324-1-1-1\" class=\"so-panel widget widget_widget_sp_image widget_sp_image\" data-index=\"5\" ><img decoding=\"async\" width=\"720\" height=\"479\" class=\"attachment-medium_large aligncenter\" style=\"max-width: 100%;\" srcset=\"https:\/\/skatejam.ca\/wp-content\/uploads\/web-04158-768x511.jpg 768w, https:\/\/skatejam.ca\/wp-content\/uploads\/web-04158-300x200.jpg 300w, https:\/\/skatejam.ca\/wp-content\/uploads\/web-04158-1024x682.jpg 1024w, https:\/\/skatejam.ca\/wp-content\/uploads\/web-04158-1536x1022.jpg 1536w, https:\/\/skatejam.ca\/wp-content\/uploads\/web-04158-272x182.jpg 272w, https:\/\/skatejam.ca\/wp-content\/uploads\/web-04158.jpg 2048w\" sizes=\"(max-width: 720px) 100vw, 720px\" src=\"https:\/\/skatejam.ca\/wp-content\/uploads\/web-04158-768x511.jpg\" \/><\/div><div id=\"panel-324-1-1-2\" class=\"so-panel widget widget_sow-button\" data-index=\"6\" ><div\n\t\t\t\n\t\t\tclass=\"so-widget-sow-button so-widget-sow-button-atom-25ceccface15-324\"\n\t\t\t\n\t\t><div class=\"ow-button-base ow-button-align-center\"\n>\n\t\t\t<a\n\t\t\t\t\thref=\"https:\/\/lepointdevente.com\/billets\/skatejam2025\"\n\t\t\t\t\tclass=\"sowb-button ow-icon-placement-left ow-button-hover\" target=\"_blank\" rel=\"noopener noreferrer\" \t>\n\t\t<span>\n\t\t\t<span class=\"sow-icon-ionicons\" data-sow-icon=\"&#xf135;\"\n\t\tstyle=\"\" \n\t\taria-hidden=\"true\"><\/span>\n\t\t\tR\u00c9SERVER UNE PLACE\t\t<\/span>\n\t\t\t<\/a>\n\t<\/div>\n<\/div><\/div><div id=\"panel-324-1-1-3\" class=\"so-panel widget widget_sow-editor panel-last-child\" data-index=\"7\" ><div\n\t\t\t\n\t\t\tclass=\"so-widget-sow-editor so-widget-sow-editor-base\"\n\t\t\t\n\t\t>\n<div class=\"siteorigin-widget-tinymce textwidget\">\n\t<p style=\"text-align: center;\"><em>Photos : Moon Altitude<\/em><\/p>\n<\/div>\n<\/div><\/div><\/div><\/div><div id=\"pg-324-2\"  class=\"panel-grid panel-no-style\" ><div id=\"pgc-324-2-0\"  class=\"panel-grid-cell\" ><div id=\"panel-324-2-0-0\" class=\"so-panel widget widget_sow-button panel-first-child panel-last-child\" data-index=\"8\" ><div\n\t\t\t\n\t\t\tclass=\"so-widget-sow-button so-widget-sow-button-atom-94d05ab29620-324\"\n\t\t\t\n\t\t><div class=\"ow-button-base ow-button-align-center\"\n>\n\t\t\t<a\n\t\t\t\t\thref=\"http:\/\/atelierlunaire.org\/rediffusions\/\"\n\t\t\t\t\tclass=\"sowb-button ow-icon-placement-left ow-button-hover\" target=\"_blank\" rel=\"noopener noreferrer\" \t>\n\t\t<span>\n\t\t\t<span class=\"sow-icon-ionicons\" data-sow-icon=\"&#xf135;\"\n\t\tstyle=\"\" \n\t\taria-hidden=\"true\"><\/span>\n\t\t\tVOIR LES REDIFFUSIONS\t\t<\/span>\n\t\t\t<\/a>\n\t<\/div>\n<\/div><\/div><\/div><\/div><\/div>","protected":false},"excerpt":{"rendered":"<p>SKATE JAM de RIMOUSKI &#8211; 5-6-7 SEPTEMBRE 2025 &#8211; 16h00 \u00e0 23h00 au SKATE PARK de RIMOUSKI &#8211; GRATUIT ET OUVERT \u00c0 TOUS __________________________________________________________________ La mission du SKATE JAM est de proposer un mariage entre le skateboard, la musique et les arts visuels dans un me\u0302me lieu, le temps d\u2019une fin de semaine. L&#8217;\u00e9v\u00e9nement a [&hellip;]<\/p>\n","protected":false},"author":1,"featured_media":0,"parent":0,"menu_order":0,"comment_status":"closed","ping_status":"closed","template":"templates\/template-full-notitle.php","meta":{"footnotes":""},"class_list":["post-324","page","type-page","status-publish","hentry","post"],"_links":{"self":[{"href":"https:\/\/skatejam.ca\/index.php?rest_route=\/wp\/v2\/pages\/324","targetHints":{"allow":["GET"]}}],"collection":[{"href":"https:\/\/skatejam.ca\/index.php?rest_route=\/wp\/v2\/pages"}],"about":[{"href":"https:\/\/skatejam.ca\/index.php?rest_route=\/wp\/v2\/types\/page"}],"author":[{"embeddable":true,"href":"https:\/\/skatejam.ca\/index.php?rest_route=\/wp\/v2\/users\/1"}],"replies":[{"embeddable":true,"href":"https:\/\/skatejam.ca\/index.php?rest_route=%2Fwp%2Fv2%2Fcomments&post=324"}],"version-history":[{"count":161,"href":"https:\/\/skatejam.ca\/index.php?rest_route=\/wp\/v2\/pages\/324\/revisions"}],"predecessor-version":[{"id":1225,"href":"https:\/\/skatejam.ca\/index.php?rest_route=\/wp\/v2\/pages\/324\/revisions\/1225"}],"wp:attachment":[{"href":"https:\/\/skatejam.ca\/index.php?rest_route=%2Fwp%2Fv2%2Fmedia&parent=324"}],"curies":[{"name":"wp","href":"https:\/\/api.w.org\/{rel}","templated":true}]}}